{"id":317,"date":"2025-02-14T12:10:52","date_gmt":"2025-02-14T15:10:52","guid":{"rendered":"https:\/\/classicosinterlagos.com.br\/?page_id=317"},"modified":"2025-02-14T13:24:12","modified_gmt":"2025-02-14T16:24:12","slug":"politica-de-privacidade","status":"publish","type":"page","link":"https:\/\/classicosinterlagos.com.br\/es\/politica-de-privacidade\/","title":{"rendered":"Pol\u00edtica de Privacidad"},"content":{"rendered":"<div data-elementor-type=\"wp-page\" data-elementor-id=\"317\" class=\"elementor elementor-317\" data-elementor-post-type=\"page\">\n\t\t\t\t<div class=\"elementor-element elementor-element-e5497f6 e-flex e-con-boxed e-con e-parent\" data-id=\"e5497f6\" data-element_type=\"container\" data-e-type=\"container\">\n\t\t\t\t\t<div class=\"e-con-inner\">\n\t\t\t\t<div class=\"elementor-element elementor-element-1b47975 elementor-widget elementor-widget-text-editor\" data-id=\"1b47975\" data-element_type=\"widget\" data-e-type=\"widget\" data-widget_type=\"text-editor.default\">\n\t\t\t\t<div class=\"elementor-widget-container\">\n\t\t\t\t\t\t\t\t\t<p><span style=\"text-decoration: underline;\"><strong>Lea atentamente:<\/strong><\/span><\/p><div class=\"row\"><div class=\"col-12\"><div class=\"form-group mb-3 font-xss lh-5\"><p>Nosotros, de Cl\u00e1ssicos Interlagos, estamos comprometidos con la protecci\u00f3n de sus datos y su privacidad. Por ello, buscamos aclarar en esta Pol\u00edtica de Privacidad la forma en que recopilamos, utilizamos, almacenamos y tratamos los datos obtenidos a trav\u00e9s de nuestro sitio web https:\/\/classicosinterlagos.com.br.<\/p><p><strong>\u00bfCu\u00e1ndo recopilamos sus datos personales?<\/strong><br \/>Sus datos pueden ser recopilados por Cl\u00e1ssicos Interlagos a trav\u00e9s de los siguientes medios:<\/p><p><strong>Interacci\u00f3n con anuncios<\/strong><br \/>Al hacer clic en anuncios de nuestra marca presentes en sitios de terceros, motores de b\u00fasqueda o redes sociales, podemos recibir informaci\u00f3n sobre esta interacci\u00f3n.<\/p><p><strong>Interacci\u00f3n con correo electr\u00f3nico de marketing<\/strong><br \/><a name=\"_2g097yi5wg51\"><\/a>Despu\u00e9s de autorizar el contacto a trav\u00e9s del correo electr\u00f3nico de marketing, tambi\u00e9n recopilamos informaci\u00f3n sobre la apertura del correo electr\u00f3nico.<\/p><p><strong>\u00bfQu\u00e9 bases legales utilizamos?<\/strong><br \/>Utilizamos como base legal para la recopilaci\u00f3n de datos \u00fanicamente formas autorizadas por la ley, como el consentimiento, el inter\u00e9s leg\u00edtimo y la ejecuci\u00f3n de los contratos celebrados.<\/p><p>Cabe destacar que todos los datos que recopilamos se utilizan exclusivamente para la prestaci\u00f3n y promoci\u00f3n de nuestros productos y servicios. Por ello, todos sus datos e informaci\u00f3n se tratan con confidencialidad y se utilizan \u00fanicamente para los fines aqu\u00ed descritos y autorizados por usted.<\/p><p><strong>\u00bfQu\u00e9 datos recopilamos y c\u00f3mo los utilizamos?<\/strong><br \/><a name=\"_7gu24a1n2fc5\"><\/a>Visitas al sitio web<br \/>Al acceder a nuestro sitio web, recopilamos sus datos de navegaci\u00f3n a trav\u00e9s de la instalaci\u00f3n de cookies en su navegador. Esta informaci\u00f3n se almacena y procesa a trav\u00e9s de la plataforma Google Analytics, que identifica cu\u00e1ntas veces ha accedido a nuestro sitio web, durante cu\u00e1nto tiempo y qu\u00e9 p\u00e1ginas ha visitado.<\/p><p>Utilizamos estos datos para mejorar su experiencia en nuestro sitio web, personalizando la entrega y exhibici\u00f3n de contenidos que sean de su inter\u00e9s. Por ejemplo: env\u00edo de materiales gratuitos y ofertas personalizadas basadas en su historial de visualizaci\u00f3n de p\u00e1ginas.<\/p><p>La eliminaci\u00f3n de cookies por parte del usuario es opcional. Sin embargo, al eliminarlas, el sitio web puede no funcionar correctamente y usted dejar\u00e1 de recibir contenido personalizado.<\/p><p><strong>Conversi\u00f3n de leads<\/strong><br \/>Al completar un formulario de contacto, suscribirse a nuestro bolet\u00edn informativo o proporcionar sus datos a cambio de recibir alg\u00fan material gratuito, se convierte en un lead. Es decir, sus datos se almacenan en nuestra base de contactos para que podamos iniciar una comunicaci\u00f3n autorizada por usted.<\/p><p>Algunos ejemplos de comunicaciones son:<br \/>\u2022 Env\u00edo de materiales gratuitos o informaci\u00f3n solicitada al completar el formulario;<br \/>\u2022 Env\u00edo de boletines informativos, sugerencias de contenido, publicidad, ofertas, promociones, lanzamientos de productos y servicios, eventos y otros temas que puedan ser de su inter\u00e9s. El usuario puede cancelar la suscripci\u00f3n a estos correos electr\u00f3nicos en cualquier momento a trav\u00e9s del bot\u00f3n de cancelaci\u00f3n de suscripci\u00f3n;<br \/>\u2022 Empleados de Cl\u00e1ssicos Interlagos pueden eventualmente contactarlo por correo electr\u00f3nico o tel\u00e9fono para realizar encuestas o presentar productos y servicios.<br \/>Los datos personales recopilados en estas situaciones var\u00edan seg\u00fan el formulario. Dependiendo del caso, podemos solicitar:<br \/>\u2022 Datos de contacto (nombre, correo electr\u00f3nico y tel\u00e9fono);<br \/>\u2022 Datos de ubicaci\u00f3n (pa\u00eds, estado y ciudad).<\/p><p>Para conversiones en boletines informativos, el usuario deber\u00e1 confirmar su inter\u00e9s en recibir comunicaciones de Cl\u00e1ssicos Interlagos. Para ello, deber\u00e1 validar su correo electr\u00f3nico registrado y solo entonces comenzar\u00e1 a recibir nuestras comunicaciones.<\/p><p><strong>\u00bfCon qui\u00e9n compartimos sus datos?<\/strong><br \/>Los datos personales e informaci\u00f3n que recopilamos sobre usted se utilizan internamente para la prestaci\u00f3n y promoci\u00f3n de nuestros servicios y productos. Por lo tanto, pueden ser accedidos por profesionales del equipo de ventas y marketing o por terceros contratados.<\/p><p>Tambi\u00e9n compartimos informaci\u00f3n, siempre que sea posible de forma an\u00f3nima, con plataformas publicitarias como Google Ads y Facebook Ads.<\/p><p>Los datos tambi\u00e9n se alojan y procesan en plataformas de socios para an\u00e1lisis estad\u00edsticos.<\/p><p><strong>\u00bfCu\u00e1les son los derechos de los titulares de los datos?<\/strong><br \/>De acuerdo con la Ley General de Protecci\u00f3n de Datos (LGPD), usted, como usuario, puede optar por no proporcionar sus datos personales y eliminar las cookies instaladas en su navegador. No obstante, la ausencia de estos datos puede afectar o comprometer su experiencia con nuestro sitio web y otros recursos.<br \/>Adem\u00e1s, usted tambi\u00e9n tiene derecho a:<br \/>1. Acceder, rectificar y solicitar la eliminaci\u00f3n de sus datos de nuestra base de datos;<br \/>2. Confirmar la existencia de tratamiento de datos;<br \/>3. Solicitar el bloqueo o eliminaci\u00f3n de los datos;<br \/>4. Restringir el procesamiento de los datos;<br \/>5. Oponerse a un tratamiento de datos;<br \/>6. Revisar decisiones automatizadas;<br \/>7. Obtener informaci\u00f3n sobre las entidades p\u00fablicas o privadas con las que compartimos datos;<br \/>8. Obtener una explicaci\u00f3n sobre la l\u00f3gica detr\u00e1s de la recopilaci\u00f3n de sus datos;<br \/>9. Ser informado sobre la posibilidad de no proporcionar su consentimiento y las consecuencias de negarse a hacerlo;<br \/>10. Retirar su consentimiento.<\/p><p>Si necesita realizar cualquier solicitud relacionada con sus datos personales recopilados, env\u00ede un correo electr\u00f3nico a: contacto@classicosinterlagos.com.br<\/p><p><strong>\u00bfPor cu\u00e1nto tiempo se almacenar\u00e1n los datos?<\/strong><br \/>Mantendremos sus datos personales en nuestra base solo por el tiempo necesario para cumplir con los fines para los que fueron recopilados:<br \/>\u2022 Si usted es un lead, la informaci\u00f3n sobre sus interacciones con nosotros se almacenar\u00e1 por un per\u00edodo de 5 a\u00f1os.<br \/>\u2022 Si solicita la eliminaci\u00f3n de sus datos, los conservaremos hasta 30 d\u00edas h\u00e1biles despu\u00e9s de su solicitud.<\/p><p><strong>Cambios en la Pol\u00edtica<\/strong><br \/>Como siempre buscamos mejorar nuestro servicio y nuestra relaci\u00f3n con los clientes, esta Pol\u00edtica de Privacidad puede sufrir modificaciones. Para mantenerse actualizado, consulte esta p\u00e1gina cuando sea necesario.<\/p><p>En caso de cambios relevantes que requieran un nuevo consentimiento, publicaremos la actualizaci\u00f3n y solicitaremos su nuevo consentimiento.<\/p><\/div><\/div><\/div>\t\t\t\t\t\t\t\t<\/div>\n\t\t\t\t<\/div>\n\t\t\t\t\t<\/div>\n\t\t\t\t<\/div>\n\t\t\t\t<\/div>","protected":false},"excerpt":{"rendered":"<p>Leia atentamente: N\u00f3s, da Cl\u00e1ssicos Interlagos, estamos comprometidos em proteger os seus dados e a sua privacidade. Por isso, buscamos esclarecer nesta Pol\u00edtica de Privacidade a forma como coletamos, utilizamos, armazenamos e tratamos os dados captados atrav\u00e9s do nosso site https:\/\/classicosinterlagos.com.br Quando coletamos seus dados pessoais?Seus dados podem ser coletados pela Cl\u00e1ssicos Interlagos atrav\u00e9s dos [&hellip;]<\/p>\n","protected":false},"author":3,"featured_media":0,"parent":0,"menu_order":0,"comment_status":"closed","ping_status":"closed","template":"elementor_header_footer","meta":{"footnotes":""},"class_list":["post-317","page","type-page","status-publish","hentry"],"_links":{"self":[{"href":"https:\/\/classicosinterlagos.com.br\/es\/wp-json\/wp\/v2\/pages\/317","targetHints":{"allow":["GET"]}}],"collection":[{"href":"https:\/\/classicosinterlagos.com.br\/es\/wp-json\/wp\/v2\/pages"}],"about":[{"href":"https:\/\/classicosinterlagos.com.br\/es\/wp-json\/wp\/v2\/types\/page"}],"author":[{"embeddable":true,"href":"https:\/\/classicosinterlagos.com.br\/es\/wp-json\/wp\/v2\/users\/3"}],"replies":[{"embeddable":true,"href":"https:\/\/classicosinterlagos.com.br\/es\/wp-json\/wp\/v2\/comments?post=317"}],"version-history":[{"count":0,"href":"https:\/\/classicosinterlagos.com.br\/es\/wp-json\/wp\/v2\/pages\/317\/revisions"}],"wp:attachment":[{"href":"https:\/\/classicosinterlagos.com.br\/es\/wp-json\/wp\/v2\/media?parent=317"}],"curies":[{"name":"wp","href":"https:\/\/api.w.org\/{rel}","templated":true}]}}