{"id":329,"date":"2025-02-14T12:15:10","date_gmt":"2025-02-14T15:15:10","guid":{"rendered":"https:\/\/classicosinterlagos.com.br\/?page_id=329"},"modified":"2025-07-15T12:22:08","modified_gmt":"2025-07-15T15:22:08","slug":"termos-de-uso","status":"publish","type":"page","link":"https:\/\/classicosinterlagos.com.br\/es\/termos-de-uso\/","title":{"rendered":"Condiciones de Uso"},"content":{"rendered":"<div data-elementor-type=\"wp-page\" data-elementor-id=\"329\" class=\"elementor elementor-329\" data-elementor-post-type=\"page\">\n\t\t\t\t<div class=\"elementor-element elementor-element-171c9ba e-flex e-con-boxed e-con e-parent\" data-id=\"171c9ba\" data-element_type=\"container\" data-e-type=\"container\">\n\t\t\t\t\t<div class=\"e-con-inner\">\n\t\t\t\t<div class=\"elementor-element elementor-element-df29f82 elementor-widget elementor-widget-heading\" data-id=\"df29f82\" data-element_type=\"widget\" data-e-type=\"widget\" data-widget_type=\"heading.default\">\n\t\t\t\t<div class=\"elementor-widget-container\">\n\t\t\t\t\t<h2 class=\"elementor-heading-title elementor-size-default\">Pol\u00edtica de venta y cancelaci\u00f3n\n<\/h2>\t\t\t\t<\/div>\n\t\t\t\t<\/div>\n\t\t\t\t<div class=\"elementor-element elementor-element-12a5dee elementor-widget elementor-widget-text-editor\" data-id=\"12a5dee\" data-element_type=\"widget\" data-e-type=\"widget\" data-widget_type=\"text-editor.default\">\n\t\t\t\t<div class=\"elementor-widget-container\">\n\t\t\t\t\t\t\t\t\t<p><span style=\"text-decoration: underline;\"><strong>Lea atentamente:<\/strong><\/span><\/p><div class=\"row\"><div class=\"col-12\"><div class=\"form-group mb-3 font-xss lh-5\"><p>1. No nos responsabilizamos, bajo ninguna circunstancia, por entradas adquiridas fuera de los canales de venta oficiales: sitio web y\/o punto de venta autorizado. El cliente es el \u00fanico responsable de verificar los datos del pedido (evento, fecha del espect\u00e1culo, ciudad de realizaci\u00f3n, sector, precio, horarios, clasificaci\u00f3n por edad) antes de finalizar la compra.<\/p><p>2. Despu\u00e9s de completar la compra, si se identifica cualquier inconsistencia en los datos con la administradora de la tarjeta de cr\u00e9dito utilizada para el pago, el pedido podr\u00e1 ser cancelado.<\/p><p>3. Para acceder al evento, es obligatoria la presentaci\u00f3n del boleto impreso o en formato digital.<\/p><p>4. La entrada adquirida es v\u00e1lida \u00fanicamente para los 3 d\u00edas del evento.<\/p><p>5. No se permite la cancelaci\u00f3n de entradas despu\u00e9s de la fecha de ejecuci\u00f3n del evento. La no asistencia al evento invalidar\u00e1 la entrada y no permitir\u00e1 reembolso.<\/p><p>6. Para privilegiar y respetar a nuestros contratantes (productores y organizadores de eventos) y en alineaci\u00f3n con el Art\u00edculo 49 del C\u00f3digo de Defensa del Consumidor, el plazo para la cancelaci\u00f3n es de hasta 7 d\u00edas desde la fecha de compra. Si la compra se realiz\u00f3 en un per\u00edodo inferior a 7 d\u00edas antes de la fecha del evento\/espect\u00e1culo\/curso, la cancelaci\u00f3n estar\u00e1 limitada a 48 horas antes del inicio del evento.<\/p><p>7. Cuando se solicita, la cancelaci\u00f3n de su(s) boleto(s) y el reembolso del cobro se realizan autom\u00e1ticamente. En el caso de pagos con tarjeta de cr\u00e9dito, la operadora puede tardar hasta 2 facturas en procesar esta solicitud; solo es necesario esperar.<\/p><p>8. En caso de cancelaci\u00f3n del evento o solicitud de reembolso por parte del cliente, el valor correspondiente a la tasa de conveniencia no ser\u00e1 devuelto.<\/p><p>9. El organizador del evento es el \u00fanico y exclusivo responsable de la realizaci\u00f3n, cancelaci\u00f3n y aplazamiento del evento\/espect\u00e1culo, as\u00ed como de cualquier cambio o reembolso del valor nominal del boleto.<\/p><p>10. Es responsabilidad del organizador del evento obtener permisos, licencias de funcionamiento, cumplir con protocolos de prevenci\u00f3n contra la COVID-19, as\u00ed como cualquier otra normativa vigente en la fecha de realizaci\u00f3n del evento.<\/p><p>11. Si necesita informaci\u00f3n adicional que no est\u00e9 listada anteriormente y que est\u00e9 relacionada exclusivamente con la organizaci\u00f3n y ejecuci\u00f3n del evento, le recomendamos que la solicite directamente al organizador a trav\u00e9s del correo electr\u00f3nico de contacto.<\/p><p>12. Em caso de d\u00favidas sobre sua compra, entre em contato conosco atrav\u00e9s de nossa central.<\/p><\/div><\/div><\/div>\t\t\t\t\t\t\t\t<\/div>\n\t\t\t\t<\/div>\n\t\t\t\t\t<\/div>\n\t\t\t\t<\/div>\n\t\t\t\t<\/div>","protected":false},"excerpt":{"rendered":"<p>Pol\u00edtica de venda e cancelamento Leia atentamente: 1. N\u00f3s n\u00e3o nos responsabilizamos, sob hip\u00f3tese nenhuma, por ingressos adquiridos fora dos canais de venda oficiais: site e\/ou ponto de venda autorizado. O cliente \u00e9 o \u00fanico respons\u00e1vel por averiguar os dados do pedido (evento, data do show, cidade de realiza\u00e7\u00e3o, setor, pre\u00e7o, hor\u00e1rios, classifica\u00e7\u00e3o et\u00e1ria) antes [&hellip;]<\/p>\n","protected":false},"author":3,"featured_media":0,"parent":0,"menu_order":0,"comment_status":"closed","ping_status":"closed","template":"elementor_header_footer","meta":{"footnotes":""},"class_list":["post-329","page","type-page","status-publish","hentry"],"_links":{"self":[{"href":"https:\/\/classicosinterlagos.com.br\/es\/wp-json\/wp\/v2\/pages\/329","targetHints":{"allow":["GET"]}}],"collection":[{"href":"https:\/\/classicosinterlagos.com.br\/es\/wp-json\/wp\/v2\/pages"}],"about":[{"href":"https:\/\/classicosinterlagos.com.br\/es\/wp-json\/wp\/v2\/types\/page"}],"author":[{"embeddable":true,"href":"https:\/\/classicosinterlagos.com.br\/es\/wp-json\/wp\/v2\/users\/3"}],"replies":[{"embeddable":true,"href":"https:\/\/classicosinterlagos.com.br\/es\/wp-json\/wp\/v2\/comments?post=329"}],"version-history":[{"count":0,"href":"https:\/\/classicosinterlagos.com.br\/es\/wp-json\/wp\/v2\/pages\/329\/revisions"}],"wp:attachment":[{"href":"https:\/\/classicosinterlagos.com.br\/es\/wp-json\/wp\/v2\/media?parent=329"}],"curies":[{"name":"wp","href":"https:\/\/api.w.org\/{rel}","templated":true}]}}