{"id":317,"date":"2025-02-14T12:10:52","date_gmt":"2025-02-14T15:10:52","guid":{"rendered":"https:\/\/classicosinterlagos.com.br\/?page_id=317"},"modified":"2025-02-14T13:24:12","modified_gmt":"2025-02-14T16:24:12","slug":"politica-de-privacidade","status":"publish","type":"page","link":"https:\/\/classicosinterlagos.com.br\/fr\/politica-de-privacidade\/","title":{"rendered":"Politique de Confidentialit\u00e9"},"content":{"rendered":"<div data-elementor-type=\"wp-page\" data-elementor-id=\"317\" class=\"elementor elementor-317\" data-elementor-post-type=\"page\">\n\t\t\t\t<div class=\"elementor-element elementor-element-e5497f6 e-flex e-con-boxed e-con e-parent\" data-id=\"e5497f6\" data-element_type=\"container\" data-e-type=\"container\">\n\t\t\t\t\t<div class=\"e-con-inner\">\n\t\t\t\t<div class=\"elementor-element elementor-element-1b47975 elementor-widget elementor-widget-text-editor\" data-id=\"1b47975\" data-element_type=\"widget\" data-e-type=\"widget\" data-widget_type=\"text-editor.default\">\n\t\t\t\t<div class=\"elementor-widget-container\">\n\t\t\t\t\t\t\t\t\t<p><span style=\"text-decoration: underline;\"><strong>Lisez attentivement:<\/strong><\/span><\/p><div class=\"row\"><div class=\"col-12\"><div class=\"form-group mb-3 font-xss lh-5\"><p>Nous, chez Cl\u00e1ssicos Interlagos, nous engageons \u00e0 prot\u00e9ger vos donn\u00e9es et votre vie priv\u00e9e. C'est pourquoi nous souhaitons clarifier, dans cette Politique de Confidentialit\u00e9, la mani\u00e8re dont nous collectons, utilisons, stockons et traitons les donn\u00e9es recueillies via notre site web https:\/\/classicosinterlagos.com.br.<\/p><p><strong>Quand collectons-nous vos donn\u00e9es personnelles ?<\/strong><br \/>Vos donn\u00e9es peuvent \u00eatre collect\u00e9es par Cl\u00e1ssicos Interlagos par les moyens suivants\u00a0:<\/p><p><strong>Interaction avec des annonces publicitaires<\/strong><br \/>Lorsque vous cliquez sur des annonces de notre marque pr\u00e9sentes sur des sites tiers, des moteurs de recherche ou des r\u00e9seaux sociaux, nous pouvons recevoir des informations sur cette interaction.<\/p><p><strong>Interaction avec des e-mails marketing<\/strong><br \/><a name=\"_2g097yi5wg51\"><\/a>Apr\u00e8s avoir autoris\u00e9 le contact par e-mail marketing, nous collectons \u00e9galement des informations sur l\u2019ouverture de ces e-mails.<\/p><p><strong>Quelles bases l\u00e9gales utilisons-nous ?<\/strong><br \/>Nous collectons des donn\u00e9es uniquement sur des bases l\u00e9gales autoris\u00e9es par la loi, telles que le consentement, l\u2019int\u00e9r\u00eat l\u00e9gitime et l'ex\u00e9cution des contrats conclus.\n\nIl est important de souligner que toutes les donn\u00e9es que nous collectons sont utilis\u00e9es exclusivement pour la prestation et la promotion de nos produits et services. Ainsi, toutes vos donn\u00e9es et informations sont trait\u00e9es avec confidentialit\u00e9 et utilis\u00e9es uniquement aux fins d\u00e9crites et autoris\u00e9es par vous.<\/p><p>Vale ressaltar que todos os dados que coletamos s\u00e3o utilizados exclusivamente para fins de presta\u00e7\u00e3o e divulga\u00e7\u00e3o dos nossos produtos e servi\u00e7os. Por isso, todos os seus dados e informa\u00e7\u00f5es s\u00e3o tratados com confidencialidade e utilizados somente para os fins aqui descritos e autorizados por voc\u00ea.<\/p><p><strong>Quelles donn\u00e9es collectons-nous et comment les utilisons-nous ?<\/strong><br \/><a name=\"_7gu24a1n2fc5\"><\/a>Visites sur le site<br \/>Lorsque vous acc\u00e9dez \u00e0 notre site, nous collectons vos donn\u00e9es de navigation via l\u2019installation de cookies sur votre navigateur. Ces informations sont stock\u00e9es et trait\u00e9es via la plateforme Google Analytics, qui identifie le nombre de fois que vous avez acc\u00e9d\u00e9 \u00e0 notre site, la dur\u00e9e de votre visite et les pages consult\u00e9es.<\/p><p>Nous utilisons ces donn\u00e9es pour am\u00e9liorer votre exp\u00e9rience sur notre site en personnalisant l'affichage de contenus susceptibles de vous int\u00e9resser. Par exemple, l\u2019envoi de contenus gratuits et d\u2019offres personnalis\u00e9es bas\u00e9es sur votre historique de navigation.<\/p><p>La suppression des cookies par l\u2019utilisateur est facultative. Cependant, en les supprimant, certaines fonctionnalit\u00e9s du site peuvent ne pas fonctionner correctement, et vous ne b\u00e9n\u00e9ficierez plus de contenus personnalis\u00e9s.<\/p><p><strong>Conversion de leads<\/strong><br \/>Lorsque vous remplissez un formulaire de contact, vous inscrivez \u00e0 notre newsletter ou fournissez vos donn\u00e9es en \u00e9change d\u2019un contenu gratuit, vous devenez un lead. Cela signifie que vos donn\u00e9es sont stock\u00e9es dans notre base de contacts afin que nous puissions \u00e9tablir une communication autoris\u00e9e par vous.<\/p><p>Quelques exemples de communications :<br \/>\u2022 Envoi de contenus gratuits ou d\u2019informations demand\u00e9es lors du remplissage du formulaire ;<br \/>\u2022 Envoi de newsletters, suggestions de contenu, publicit\u00e9s, offres, promotions, lancements de produits et services, \u00e9v\u00e9nements et autres sujets susceptibles de vous int\u00e9resser. Vous pouvez vous d\u00e9sinscrire de ces e-mails \u00e0 tout moment via le bouton de d\u00e9sinscription ;<br \/>\u2022 Des employ\u00e9s de Cl\u00e1ssicos Interlagos peuvent occasionnellement vous contacter par e-mail ou t\u00e9l\u00e9phone pour r\u00e9aliser des enqu\u00eates ou pr\u00e9senter des produits et services.<br \/>Les donn\u00e9es personnelles collect\u00e9es varient en fonction du formulaire. Selon le cas, nous pouvons demander :<br \/>Donn\u00e9es de contact (nom, e-mail et t\u00e9l\u00e9phone) ;<br \/>Donn\u00e9es de localisation (pays, \u00e9tat et ville).<\/p><p>Pour les inscriptions \u00e0 la newsletter, vous devrez confirmer votre int\u00e9r\u00eat \u00e0 recevoir les communications de Cl\u00e1ssicos Interlagos en validant votre e-mail avant de commencer \u00e0 les recevoir.<\/p><p><strong>Avec qui partageons-nous vos donn\u00e9es ?<\/strong><br \/>Les donn\u00e9es personnelles et les informations que nous collectons sur vous sont utilis\u00e9es en interne pour la prestation et la promotion de nos services et produits. Elles peuvent donc \u00eatre accessibles aux professionnels des ventes et du marketing, qu\u2019ils soient internes ou externes.<\/p><p>Nous partageons \u00e9galement certaines informations, dans la mesure du possible de mani\u00e8re anonyme, avec des plateformes publicitaires telles que Google Ads et Facebook Ads.<\/p><p>Les donn\u00e9es peuvent aussi \u00eatre h\u00e9berg\u00e9es et trait\u00e9es via des plateformes partenaires pour l\u2019analyse statistique.<\/p><p><strong>Quels sont les droits des titulaires de donn\u00e9es ?<\/strong><br \/>Conform\u00e9ment \u00e0 la Loi G\u00e9n\u00e9rale de Protection des Donn\u00e9es (LGPD), vous, en tant qu\u2019utilisateur, pouvez choisir de ne pas fournir vos donn\u00e9es personnelles et de supprimer les cookies install\u00e9s sur votre navigateur. Toutefois, l\u2019absence de ces donn\u00e9es peut nuire ou compromettre votre exp\u00e9rience sur notre site et avec d\u2019autres ressources.<br \/>Vous avez \u00e9galement le droit de :<br \/>1. Acc\u00e9der, rectifier et demander la suppression de vos donn\u00e9es de notre base ;<br \/>2. Confirmer l\u2019existence d\u2019un traitement de donn\u00e9es ;<br \/>3. Demander le blocage ou la suppression de vos donn\u00e9es ;<br \/>4. Restreindre le traitement de vos donn\u00e9es ;<br \/>5. Vous opposer \u00e0 un traitement de donn\u00e9es ;<br \/>6. Demander une r\u00e9vision des d\u00e9cisions automatis\u00e9es ;<br \/>7. Obtenir des informations sur les entit\u00e9s publiques ou priv\u00e9es impliqu\u00e9es dans le traitement des donn\u00e9es ;<br \/>8. Obtenir une explication sur la logique de la collecte de vos donn\u00e9es ;<br \/>9. \u00catre inform\u00e9 de la possibilit\u00e9 de ne pas donner votre consentement et des cons\u00e9quences de ce refus ;<br \/>10. Retirer votre consentement.<\/p><p>Si vous souhaitez exercer l\u2019un de ces droits ou effectuer une demande relative \u00e0 vos donn\u00e9es personnelles collect\u00e9es, veuillez nous contacter par e-mail \u00e0 contato@classicosinterlagos.com.br.<\/p><p><strong>Pendant combien de temps vos donn\u00e9es seront-elles stock\u00e9es ?<\/strong><br \/>Nous conserverons vos donn\u00e9es personnelles uniquement le temps n\u00e9cessaire pour atteindre les objectifs pour lesquels elles ont \u00e9t\u00e9 collect\u00e9es :<br \/>\u2022 Si vous \u00eates un lead, les informations relatives \u00e0 vos interactions avec nous seront conserv\u00e9es pendant 5 ans.<br \/>\u2022 Si vous demandez la suppression de vos donn\u00e9es, elles seront supprim\u00e9es dans un d\u00e9lai de 30 jours ouvrables apr\u00e8s la demande.<\/p><p><strong>Modifications de la Politique<\/strong><br \/>Dans un souci d'am\u00e9lioration continue de nos services et de notre relation avec les clients, cette Politique de Confidentialit\u00e9 peut \u00eatre modifi\u00e9e. Nous vous encourageons \u00e0 consulter cette page r\u00e9guli\u00e8rement pour rester inform\u00e9.<\/p><p>Si des modifications importantes n\u00e9cessitant un nouveau consentement sont apport\u00e9es, nous publierons ces mises \u00e0 jour et vous demanderons un nouveau consentement.<\/p><\/div><\/div><\/div>\t\t\t\t\t\t\t\t<\/div>\n\t\t\t\t<\/div>\n\t\t\t\t\t<\/div>\n\t\t\t\t<\/div>\n\t\t\t\t<\/div>","protected":false},"excerpt":{"rendered":"<p>Leia atentamente: N\u00f3s, da Cl\u00e1ssicos Interlagos, estamos comprometidos em proteger os seus dados e a sua privacidade. Por isso, buscamos esclarecer nesta Pol\u00edtica de Privacidade a forma como coletamos, utilizamos, armazenamos e tratamos os dados captados atrav\u00e9s do nosso site https:\/\/classicosinterlagos.com.br Quando coletamos seus dados pessoais?Seus dados podem ser coletados pela Cl\u00e1ssicos Interlagos atrav\u00e9s dos [&hellip;]<\/p>\n","protected":false},"author":3,"featured_media":0,"parent":0,"menu_order":0,"comment_status":"closed","ping_status":"closed","template":"elementor_header_footer","meta":{"footnotes":""},"class_list":["post-317","page","type-page","status-publish","hentry"],"_links":{"self":[{"href":"https:\/\/classicosinterlagos.com.br\/fr\/wp-json\/wp\/v2\/pages\/317","targetHints":{"allow":["GET"]}}],"collection":[{"href":"https:\/\/classicosinterlagos.com.br\/fr\/wp-json\/wp\/v2\/pages"}],"about":[{"href":"https:\/\/classicosinterlagos.com.br\/fr\/wp-json\/wp\/v2\/types\/page"}],"author":[{"embeddable":true,"href":"https:\/\/classicosinterlagos.com.br\/fr\/wp-json\/wp\/v2\/users\/3"}],"replies":[{"embeddable":true,"href":"https:\/\/classicosinterlagos.com.br\/fr\/wp-json\/wp\/v2\/comments?post=317"}],"version-history":[{"count":0,"href":"https:\/\/classicosinterlagos.com.br\/fr\/wp-json\/wp\/v2\/pages\/317\/revisions"}],"wp:attachment":[{"href":"https:\/\/classicosinterlagos.com.br\/fr\/wp-json\/wp\/v2\/media?parent=317"}],"curies":[{"name":"wp","href":"https:\/\/api.w.org\/{rel}","templated":true}]}}