{"id":329,"date":"2025-02-14T12:15:10","date_gmt":"2025-02-14T15:15:10","guid":{"rendered":"https:\/\/classicosinterlagos.com.br\/?page_id=329"},"modified":"2025-07-15T12:22:08","modified_gmt":"2025-07-15T15:22:08","slug":"termos-de-uso","status":"publish","type":"page","link":"https:\/\/classicosinterlagos.com.br\/fr\/termos-de-uso\/","title":{"rendered":"Conditions d'utilisation"},"content":{"rendered":"<div data-elementor-type=\"wp-page\" data-elementor-id=\"329\" class=\"elementor elementor-329\" data-elementor-post-type=\"page\">\n\t\t\t\t<div class=\"elementor-element elementor-element-171c9ba e-flex e-con-boxed e-con e-parent\" data-id=\"171c9ba\" data-element_type=\"container\" data-e-type=\"container\">\n\t\t\t\t\t<div class=\"e-con-inner\">\n\t\t\t\t<div class=\"elementor-element elementor-element-df29f82 elementor-widget elementor-widget-heading\" data-id=\"df29f82\" data-element_type=\"widget\" data-e-type=\"widget\" data-widget_type=\"heading.default\">\n\t\t\t\t<div class=\"elementor-widget-container\">\n\t\t\t\t\t<h2 class=\"elementor-heading-title elementor-size-default\">Politique de vente et d'annulation\n<\/h2>\t\t\t\t<\/div>\n\t\t\t\t<\/div>\n\t\t\t\t<div class=\"elementor-element elementor-element-12a5dee elementor-widget elementor-widget-text-editor\" data-id=\"12a5dee\" data-element_type=\"widget\" data-e-type=\"widget\" data-widget_type=\"text-editor.default\">\n\t\t\t\t<div class=\"elementor-widget-container\">\n\t\t\t\t\t\t\t\t\t<p><span style=\"text-decoration: underline;\"><strong>Lisez attentivement:<\/strong><\/span><\/p><div class=\"row\"><div class=\"col-12\"><div class=\"form-group mb-3 font-xss lh-5\"><p>1. Nous ne sommes en aucun cas responsables des billets achet\u00e9s en dehors des canaux de vente officiels : site web et\/ou point de vente autoris\u00e9. Le client est seul responsable de v\u00e9rifier les informations de sa commande (\u00e9v\u00e9nement, date du spectacle, ville, secteur, prix, horaires, classification par \u00e2ge) avant de finaliser l\u2019achat.<\/p><p>2. Une fois l\u2019achat finalis\u00e9, si une incoh\u00e9rence dans les donn\u00e9es est d\u00e9tect\u00e9e aupr\u00e8s de l\u2019administrateur de la carte de cr\u00e9dit utilis\u00e9e pour le paiement, la commande pourra \u00eatre annul\u00e9e.<\/p><p>3. Pour acc\u00e9der \u00e0 l\u2019\u00e9v\u00e9nement, la pr\u00e9sentation du billet imprim\u00e9 ou en format num\u00e9rique est obligatoire.<\/p><p>4. Le billet achet\u00e9 est valable uniquement pour les 3 jours de l\u2019\u00e9v\u00e9nement.<\/p><p>5. L\u2019annulation des billets n\u2019est pas autoris\u00e9e apr\u00e8s la date de l\u2019\u00e9v\u00e9nement. L\u2019absence \u00e0 l\u2019\u00e9v\u00e9nement invalidera le billet et ne donnera droit \u00e0 aucun remboursement.<\/p><p>6. Afin de privil\u00e9gier et respecter nos contractants (producteurs et organisateurs d\u2019\u00e9v\u00e9nements) et conform\u00e9ment \u00e0 l\u2019Article 49 du Code de D\u00e9fense du Consommateur, le d\u00e9lai d\u2019annulation est de 7 jours \u00e0 compter de la date d\u2019achat. Si l\u2019achat a \u00e9t\u00e9 effectu\u00e9 dans un d\u00e9lai inf\u00e9rieur \u00e0 7 jours avant la date de l\u2019\u00e9v\u00e9nement\/spectacle\/cours, l\u2019annulation est limit\u00e9e \u00e0 48 heures avant le d\u00e9but de l\u2019\u00e9v\u00e9nement.<\/p><p>7. Lorsque demand\u00e9, l\u2019annulation de votre (vos) billet(s) et le remboursement du montant sont effectu\u00e9s automatiquement. En cas de paiement par carte de cr\u00e9dit, l\u2019op\u00e9rateur peut prendre jusqu\u2019\u00e0 deux cycles de facturation pour traiter cette demande, il suffit d\u2019attendre.<\/p><p>8. En cas d\u2019annulation de l\u2019\u00e9v\u00e9nement ou de demande de remboursement par le client, les frais de service ne seront pas rembours\u00e9s.<\/p><p>9. L\u2019organisateur de l\u2019\u00e9v\u00e9nement est le seul et unique responsable de la r\u00e9alisation, de l\u2019annulation et du report de l\u2019\u00e9v\u00e9nement\/spectacle, ainsi que de tout \u00e9change ou remboursement de la valeur nominale du billet.<\/p><p>10. Il incombe \u00e0 l\u2019organisateur d\u2019obtenir les autorisations n\u00e9cessaires, les licences d\u2019exploitation et de respecter les protocoles de pr\u00e9vention contre la COVID-19, ainsi que toute autre r\u00e9glementation en vigueur \u00e0 la date de l\u2019\u00e9v\u00e9nement.<\/p><p>11. Si vous avez besoin d\u2019informations suppl\u00e9mentaires qui ne sont pas mentionn\u00e9es ci-dessus et qui concernent exclusivement l\u2019organisation et l\u2019ex\u00e9cution de l\u2019\u00e9v\u00e9nement, nous vous conseillons de contacter directement l\u2019organisateur via son adresse e-mail.<\/p><p>12. Em caso de d\u00favidas sobre sua compra, entre em contato conosco atrav\u00e9s de nossa central.<\/p><\/div><\/div><\/div>\t\t\t\t\t\t\t\t<\/div>\n\t\t\t\t<\/div>\n\t\t\t\t\t<\/div>\n\t\t\t\t<\/div>\n\t\t\t\t<\/div>","protected":false},"excerpt":{"rendered":"<p>Pol\u00edtica de venda e cancelamento Leia atentamente: 1. N\u00f3s n\u00e3o nos responsabilizamos, sob hip\u00f3tese nenhuma, por ingressos adquiridos fora dos canais de venda oficiais: site e\/ou ponto de venda autorizado. O cliente \u00e9 o \u00fanico respons\u00e1vel por averiguar os dados do pedido (evento, data do show, cidade de realiza\u00e7\u00e3o, setor, pre\u00e7o, hor\u00e1rios, classifica\u00e7\u00e3o et\u00e1ria) antes [&hellip;]<\/p>\n","protected":false},"author":3,"featured_media":0,"parent":0,"menu_order":0,"comment_status":"closed","ping_status":"closed","template":"elementor_header_footer","meta":{"footnotes":""},"class_list":["post-329","page","type-page","status-publish","hentry"],"_links":{"self":[{"href":"https:\/\/classicosinterlagos.com.br\/fr\/wp-json\/wp\/v2\/pages\/329","targetHints":{"allow":["GET"]}}],"collection":[{"href":"https:\/\/classicosinterlagos.com.br\/fr\/wp-json\/wp\/v2\/pages"}],"about":[{"href":"https:\/\/classicosinterlagos.com.br\/fr\/wp-json\/wp\/v2\/types\/page"}],"author":[{"embeddable":true,"href":"https:\/\/classicosinterlagos.com.br\/fr\/wp-json\/wp\/v2\/users\/3"}],"replies":[{"embeddable":true,"href":"https:\/\/classicosinterlagos.com.br\/fr\/wp-json\/wp\/v2\/comments?post=329"}],"version-history":[{"count":0,"href":"https:\/\/classicosinterlagos.com.br\/fr\/wp-json\/wp\/v2\/pages\/329\/revisions"}],"wp:attachment":[{"href":"https:\/\/classicosinterlagos.com.br\/fr\/wp-json\/wp\/v2\/media?parent=329"}],"curies":[{"name":"wp","href":"https:\/\/api.w.org\/{rel}","templated":true}]}}